{"id":6253,"date":"2024-06-14T16:43:57","date_gmt":"2024-06-14T16:43:57","guid":{"rendered":"https:\/\/interiosimple.com\/?page_id=6253"},"modified":"2024-10-22T08:52:50","modified_gmt":"2024-10-22T08:52:50","slug":"datenschutz-und-cookie-richtlinie","status":"publish","type":"page","link":"https:\/\/interiosimple.com\/de\/datenschutz-und-cookie-richtlinie\/","title":{"rendered":"Datenschutz- und Cookie-Richtlinie"},"content":{"rendered":"<section class=\"l-section wpb_row height_medium\"><div class=\"l-section-h i-cf\"><div class=\"g-cols vc_row via_grid cols_1 laptops-cols_inherit tablets-cols_inherit mobiles-cols_1 valign_top type_default stacking_default\"><div class=\"wpb_column vc_column_container\"><div class=\"vc_column-inner\"><h1 class=\"w-text\"><span class=\"w-text-h\"><span class=\"w-text-value\">Datenschutz- und Cookie-Richtlinie<\/span><\/span><\/h1><div class=\"w-separator size_medium\"><\/div><div class=\"wpb_text_column\"><div class=\"wpb_wrapper\"><p>\u00a0<\/p>\n<h2 class=\"wp-block-heading\"><span style=\"font-family: inherit;\">I. Allgemeine Bestimmungen<\/span><\/h2>\n<h2 class=\"wp-block-heading\"><\/h2>\n<ol class=\"mfn-list mfn-list-ordered mfn-list-left mfn-list-top\">\n<li class=\"mfn-list-item\">Die Datenschutzrichtlinie legt fest, wie die personenbezogenen Daten der Nutzer gesammelt, verarbeitet und gespeichert werden, die zur Erbringung von Dienstleistungen \u00fcber den Internetdienst <a href=\"https:\/\/interiosimple.pl\" target=\"_new\" rel=\"noopener\"><span>https<\/span><span>:\/\/interiosimple<\/span><span>.pl<\/span><\/a> (im Folgenden: Dienst) erforderlich sind.<\/li>\n<li class=\"mfn-list-item\"><span class=\"mfn-list-icon\"><\/span>Der Dienst sammelt nur personenbezogene Daten, die zur Erbringung und Weiterentwicklung der darin angebotenen Dienstleistungen erforderlich sind.<\/li>\n<li class=\"mfn-list-item\"><span class=\"mfn-list-icon\"><\/span>Die \u00fcber den Dienst gesammelten personenbezogenen Daten werden gem\u00e4\u00df der Verordnung des Europ\u00e4ischen Parlaments und des Rates (EU) 2016\/679 vom 27. April 2016 zum Schutz nat\u00fcrlicher Personen bei der Verarbeitung personenbezogener Daten und zum freien Datenverkehr sowie zur Aufhebung der Richtlinie 95\/46\/EG (Datenschutz-Grundverordnung, im Folgenden DSGVO) und dem Gesetz zum Schutz personenbezogener Daten vom 10. Mai 2018 verarbeitet.<\/li>\n<\/ol>\n<h2 class=\"wp-block-heading\"><\/h2>\n<h2 class=\"title wp-block-heading\">II. Datenverwalter<\/h2>\n<h2 class=\"wp-block-heading\"><\/h2>\n<ol>\n<li>Der Verwalter der \u00fcber den Dienst gesammelten personenbezogenen Daten ist Interio Group Sp. z o.o., Adresse: S\u0142oneczny Sad 4D, 72-002 Do\u0142uje, Polen, KRS: 0000661242, NIP: 8513203267, REGON: 366450685, E-Mail-Adresse: <a rel=\"noopener\"><span>admin<\/span><span>@interio<\/span><span>-group<\/span><span>.com<\/span><\/a> (im Folgenden: Verwalter).<\/li>\n<\/ol>\n<h2 class=\"wp-block-heading\"><\/h2>\n<h2 class=\"title wp-block-heading\">III. Zweck der Datenerhebung<\/h2>\n<h2 class=\"wp-block-heading\"><\/h2>\n<ol>\n<li>Personenbezogene Daten werden zu folgenden Zwecken verwendet:<\/li>\n<\/ol>\n<ol class=\"mfn-list mfn-list-ordered mfn-list-left mfn-list-top\">\n<li style=\"list-style-type: none;\">\n<ul>\n<li>Registrierung eines Kontos und \u00dcberpr\u00fcfung der Identit\u00e4t des Nutzers,<\/li>\n<li>Erm\u00f6glichung des Logins in den Dienst,<\/li>\n<li>Vertragserf\u00fcllung in Bezug auf Dienstleistungen und E-Dienstleistungen,<\/li>\n<li>Kommunikation mit dem Nutzer (Live-Chat, Kontaktformular usw.),<\/li>\n<li>Versand von Newslettern (nach Zustimmung des Nutzers zum Erhalt),<\/li>\n<li>Verwaltung des Kommentarsystems,<\/li>\n<li>Bereitstellung von Gemeinschaftsdiensten,<\/li>\n<li>Promotion des Angebots des Verwalters,<\/li>\n<li>Marketing, Remarketing, Affiliate-Marketing,<\/li>\n<li>Personalisierung des Dienstes f\u00fcr Nutzer,<\/li>\n<li>Analytische und statistische Zwecke,<\/li>\n<li>Forderungseintreibung,<\/li>\n<li>Feststellung und Geltendmachung von Anspr\u00fcchen oder Verteidigung gegen solche.<\/li>\n<\/ul>\n<\/li>\n<li class=\"mfn-list-item\"><span class=\"mfn-list-icon\"><\/span>Die Angabe von Daten ist freiwillig, jedoch f\u00fcr den Abschluss eines Vertrags oder die Nutzung anderer Funktionen des Dienstes erforderlich.<\/li>\n<\/ol>\n<h2 class=\"wp-block-heading\"><\/h2>\n<h2 class=\"title wp-block-heading\">IV. Art der verarbeiteten personenbezogenen Daten<\/h2>\n<h2 class=\"wp-block-heading\"><\/h2>\n<ol>\n<li>Der Verwalter kann personenbezogene Daten des Nutzers verarbeiten: Vorname, Nachname, Geburtsdatum, Wohnadresse, E-Mail-Adresse, Telefonnummer, MwSt.<\/li>\n<\/ol>\n<h2 class=\"wp-block-heading\"><\/h2>\n<h2 class=\"title wp-block-heading\">V. Dauer der Verarbeitung personenbezogener Daten<\/h2>\n<h2 class=\"wp-block-heading\"><\/h2>\n<ol class=\"mfn-list mfn-list-ordered mfn-list-left mfn-list-top\">\n<li class=\"mfn-list-item\">Personenbezogene Daten der Nutzer werden f\u00fcr den Zeitraum verarbeitet:\n<ul>\n<li>wenn die Grundlage der Datenverarbeitung die Vertragserf\u00fcllung ist \u2013 bis zur Verj\u00e4hrung der Anspr\u00fcche nach der Erf\u00fcllung des Vertrags,<\/li>\n<li>wenn die Grundlage der Datenverarbeitung die Zustimmung ist \u2013 bis zu deren Widerruf, und nach dem Widerruf bis zur Verj\u00e4hrung der Anspr\u00fcche.<\/li>\n<\/ul>\n<\/li>\n<li class=\"mfn-list-item\"><span class=\"mfn-list-icon\"><\/span>Personenbezogene Daten der Nutzer werden nicht au\u00dferhalb des Europ\u00e4ischen Wirtschaftsraums (EWR) \u00fcbermittelt.<\/li>\n<\/ol>\n<h2 class=\"wp-block-heading\"><\/h2>\n<h2 class=\"title wp-block-heading\">VI. Weitergabe personenbezogener Daten<\/h2>\n<h2 class=\"wp-block-heading\"><\/h2>\n<ol class=\"mfn-list mfn-list-ordered mfn-list-left mfn-list-top\">\n<li class=\"mfn-list-item\">Personenbezogene Daten der Nutzer werden f\u00fcr den Zeitraum verarbeitet:\n<ul>\n<li>wenn die Grundlage der Datenverarbeitung die Vertragserf\u00fcllung ist \u2013 bis zur Verj\u00e4hrung der Anspr\u00fcche nach der Erf\u00fcllung des Vertrags,<\/li>\n<li>wenn die Grundlage der Datenverarbeitung die Zustimmung ist \u2013 bis zu deren Widerruf, und nach dem Widerruf bis zur Verj\u00e4hrung der Anspr\u00fcche.<\/li>\n<\/ul>\n<\/li>\n<li class=\"mfn-list-item\"><span class=\"mfn-list-icon\"><\/span>In beiden F\u00e4llen betr\u00e4gt die Verj\u00e4hrungsfrist 6 Jahre, und f\u00fcr Anspr\u00fcche auf wiederkehrende Leistungen und Anspr\u00fcche im Zusammenhang mit der F\u00fchrung eines Gewerbebetriebs \u2013 3 Jahre (sofern keine spezielle Vorschrift etwas anderes vorsieht).<\/li>\n<\/ol>\n<h2 class=\"wp-block-heading\"><\/h2>\n<h2 class=\"title wp-block-heading\">VII. Rechte der Nutzer<\/h2>\n<h2 class=\"wp-block-heading\"><\/h2>\n<ul class=\"mfn-list mfn-list-ordered mfn-list-left mfn-list-top\">\n<li class=\"mfn-list-item\">Daten, deren Berichtigung, L\u00f6schung, Einschr\u00e4nkung der Verarbeitung, \u00dcbertragung, Widerspruch gegen die Verarbeitung, Widerruf der Einwilligung jederzeit (was die Rechtm\u00e4\u00dfigkeit der Verarbeitung, die vor dem Widerruf auf Grundlage der Einwilligung erfolgte, nicht ber\u00fchrt).<\/li>\n<li class=\"mfn-list-item\"><span class=\"mfn-list-icon\"><\/span>Das Anliegen zur Aus\u00fcbung der genannten Rechte ist an die E-Mail-Adresse <a rel=\"noopener\"><span>admin<\/span><span>@interio<\/span><span>-group<\/span><span>.com<\/span><\/a> zu senden.<\/li>\n<li class=\"mfn-list-item\"><span class=\"mfn-list-icon\"><\/span>Der Verwalter erf\u00fcllt oder lehnt das Anliegen unverz\u00fcglich, sp\u00e4testens jedoch innerhalb eines Monats nach dessen Eingang, ab.<\/li>\n<li class=\"mfn-list-item\"><span class=\"mfn-list-icon\"><\/span>Der Nutzer hat das Recht, beim Pr\u00e4sidenten des Amtes f\u00fcr den Schutz personenbezogener Daten Beschwerde einzureichen, wenn er der Meinung ist, dass die Verarbeitung seine Rechte und Freiheiten verletzt (DSGVO).<\/li>\n<\/ul>\n<h2 class=\"wp-block-heading\"><\/h2>\n<h2 class=\"title wp-block-heading\">VIII. Cookies<\/h2>\n<h2 class=\"wp-block-heading\"><\/h2>\n<ol class=\"mfn-list mfn-list-ordered mfn-list-left mfn-list-top\">\n<li class=\"mfn-list-item\">Der Dienst sammelt Informationen mittels Cookies \u2013 Sitzungs-Cookies, dauerhafte Cookies und Cookies von Dritten.<\/li>\n<li class=\"mfn-list-item\"><span class=\"mfn-list-icon\"><\/span>Das Sammeln von Cookies unterst\u00fctzt die korrekte Erbringung der Dienstleistungen im Dienst und dient statistischen Zwecken.<\/li>\n<li class=\"mfn-list-item\"><span class=\"mfn-list-icon\"><\/span>Der Nutzer kann den Zugriff von Cookies auf sein Ger\u00e4t in den Einstellungen des Browsers festlegen.<\/li>\n<li class=\"mfn-list-item\"><span class=\"mfn-list-icon\"><\/span>Cookies werden zu folgenden Zwecken verwendet:\n<ul>\n<li>Anpassung des Inhalts der Webseiten des Dienstes an die Vorlieben des Nutzers und Optimierung der Nutzung der Webseiten; insbesondere erm\u00f6glichen diese Cookies die Erkennung des Ger\u00e4ts des Nutzers und die entsprechende Anzeige der Website, angepasst an seine individuellen Bed\u00fcrfnisse,<\/li>\n<li>Erstellung von Statistiken, die helfen, zu verstehen, wie Nutzer den Dienst verwenden, um die Struktur und den Inhalt der Webseiten zu verbessern,<\/li>\n<li>Aufrechterhaltung der Sitzung des Nutzers (nach dem Login), sodass der Nutzer nicht auf jeder Unterseite des Dienstes erneut seinen Login und sein Passwort eingeben muss.<\/li>\n<\/ul>\n<\/li>\n<li class=\"mfn-list-item\"><span class=\"mfn-list-icon\"><\/span>Im Rahmen des Dienstes werden folgende Arten von Cookies verwendet:\n<ul>\n<li>\u201enotwendige\u201c Cookies, die die Nutzung der im Dienst verf\u00fcgbaren Dienstleistungen erm\u00f6glichen, z.B. Authentifizierungs-Cookies, die f\u00fcr Dienstleistungen verwendet werden, die eine Authentifizierung im Dienst erfordern,<\/li>\n<li>Sicherheits-Cookies, z.B. zur Erkennung von Missbrauch im Bereich der Authentifizierung,<\/li>\n<li>\u201eLeistungs\u201c-Cookies, die die Sammlung von Informationen \u00fcber die Nutzung der Webseiten des Dienstes erm\u00f6glichen,<\/li>\n<li>\u201efunktionale\u201c Cookies, die es erm\u00f6glichen, die vom Nutzer gew\u00e4hlten Einstellungen zu \u201espeichern\u201c und die Benutzeroberfl\u00e4che zu personalisieren, z.B. hinsichtlich der ausgew\u00e4hlten Sprache oder Region des Nutzers, der Schriftgr\u00f6\u00dfe, des Erscheinungsbilds der Webseite usw.,<\/li>\n<li>\u201eWerbe\u201c-Cookies, die es erm\u00f6glichen, dem Nutzer Werbeinhalte zu liefern, die besser auf seine Interessen zugeschnitten sind.<\/li>\n<\/ul>\n<\/li>\n<\/ol>\n<h2 class=\"wp-block-heading\"><\/h2>\n<h2 class=\"title wp-block-heading\">IX. Automatisierte Entscheidungsfindung und Profiling<\/h2>\n<h2 class=\"wp-block-heading\"><\/h2>\n<ol class=\"mfn-list mfn-list-ordered mfn-list-left mfn-list-top\">\n<li class=\"mfn-list-item\">Die Daten der Nutzer d\u00fcrfen nicht in automatisierter Weise verarbeitet werden, sodass in der Folge Entscheidungen \u00fcber sie getroffen werden k\u00f6nnten.<\/li>\n<li class=\"mfn-list-item\"><span class=\"mfn-list-icon\"><\/span>Die Daten der Nutzer k\u00f6nnen profiliert werden, um Inhalte und Angebote nach ihrer Einwilligung anzupassen und zu personalisieren.<\/li>\n<\/ol>\n<h2 class=\"title\">X. Schlussbestimmungen<\/h2>\n<ol class=\"mfn-list mfn-list-ordered mfn-list-left mfn-list-top\">\n<li class=\"mfn-list-item\">Der Verwalter hat das Recht, \u00c4nderungen an der Datenschutzrichtlinie vorzunehmen, wobei die Rechte der Nutzer nicht eingeschr\u00e4nkt werden.<\/li>\n<li class=\"mfn-list-item\"><span class=\"mfn-list-icon\"><\/span>Informationen \u00fcber die vorgenommenen \u00c4nderungen werden in Form einer Mitteilung im Dienst bereitgestellt.<\/li>\n<li class=\"mfn-list-item\"><span class=\"mfn-list-icon\"><\/span>In den in dieser Datenschutzrichtlinie nicht geregelten Angelegenheiten gelten die Bestimmungen der DSGVO und des polnischen Rechts.<\/li>\n<\/ol>\n<\/div><\/div><\/div><\/div><\/div><\/div><\/section><section class=\"l-section wpb_row height_auto width_full\"><div class=\"l-section-h i-cf\"><div class=\"g-cols vc_row via_grid cols_1 laptops-cols_inherit tablets-cols_inherit mobiles-cols_1 valign_top type_default stacking_default\"><div class=\"wpb_column vc_column_container us_custom_60e9caca us_animate_this\"><div class=\"vc_column-inner\"><div class=\"w-separator size_large\"><\/div><section class=\"l-section wpb_row us_custom_4a6a88b6 height_medium\"><div class=\"l-section-overlay\" style=\"background:var(--color-custom-9)\"><\/div><div class=\"l-section-h i-cf\"><div class=\"g-cols vc_row via_grid cols_1 laptops-cols_inherit tablets-cols_inherit mobiles-cols_1 valign_middle type_default stacking_default\"><div class=\"wpb_column vc_column_container us_custom_2c45f91b\"><div class=\"vc_column-inner\"><div class=\"wpb_text_column us_custom_2509bbe8 has_text_color\"><div class=\"wpb_wrapper\"><h2>Sprechen wir \u00fcber Ihre Idee<\/h2>\n<p>Wir entwerfen und verwirklichen Ihre Tr\u00e4ume<\/p>\n<\/div><\/div><div class=\"w-separator size_small\"><\/div><div class=\"w-btn-wrapper align_center\"><a class=\"w-btn us-btn-style_5 us_custom_09d3e09f\" href=\"\/de\/kontakt\/\"><span class=\"w-btn-label\">Kontaktieren Sie uns<\/span><\/a><\/div><\/div><\/div><\/div><\/div><\/section>\n<\/div><\/div><\/div><\/div><\/section>","protected":false},"excerpt":{"rendered":"","protected":false},"author":1,"featured_media":0,"parent":0,"menu_order":0,"comment_status":"closed","ping_status":"closed","template":"","meta":{"_acf_changed":false,"footnotes":""},"class_list":["post-6253","page","type-page","status-publish","hentry"],"acf":[],"yoast_head":"<!-- This site is optimized with the Yoast SEO plugin v26.7 - https:\/\/yoast.com\/wordpress\/plugins\/seo\/ -->\n<title>Datenschutz- und Cookie-Richtlinie - Interiosimple- kuchnie na zam&oacute;wienie Szczecin<\/title>\n<meta name=\"robots\" content=\"index, follow, max-snippet:-1, max-image-preview:large, max-video-preview:-1\" \/>\n<link rel=\"canonical\" href=\"https:\/\/interiosimple.com\/de\/datenschutz-und-cookie-richtlinie\/\" \/>\n<meta property=\"og:locale\" content=\"de_DE\" \/>\n<meta property=\"og:type\" content=\"article\" \/>\n<meta property=\"og:title\" content=\"Datenschutz- und Cookie-Richtlinie - Interiosimple- kuchnie na zam&oacute;wienie Szczecin\" \/>\n<meta property=\"og:url\" content=\"https:\/\/interiosimple.com\/de\/datenschutz-und-cookie-richtlinie\/\" \/>\n<meta property=\"og:site_name\" content=\"Interiosimple- kuchnie na zam&oacute;wienie Szczecin\" \/>\n<meta property=\"article:modified_time\" content=\"2024-10-22T08:52:50+00:00\" \/>\n<meta name=\"twitter:card\" content=\"summary_large_image\" \/>\n<meta name=\"twitter:label1\" content=\"Gesch\u00e4tzte Lesezeit\" \/>\n\t<meta name=\"twitter:data1\" content=\"6\u00a0Minuten\" \/>\n<script type=\"application\/ld+json\" class=\"yoast-schema-graph\">{\"@context\":\"https:\/\/schema.org\",\"@graph\":[{\"@type\":\"WebPage\",\"@id\":\"https:\/\/interiosimple.com\/de\/datenschutz-und-cookie-richtlinie\/\",\"url\":\"https:\/\/interiosimple.com\/de\/datenschutz-und-cookie-richtlinie\/\",\"name\":\"Datenschutz- und Cookie-Richtlinie - Interiosimple- kuchnie na zam&oacute;wienie Szczecin\",\"isPartOf\":{\"@id\":\"https:\/\/interiosimple.com\/de\/#website\"},\"datePublished\":\"2024-06-14T16:43:57+00:00\",\"dateModified\":\"2024-10-22T08:52:50+00:00\",\"breadcrumb\":{\"@id\":\"https:\/\/interiosimple.com\/de\/datenschutz-und-cookie-richtlinie\/#breadcrumb\"},\"inLanguage\":\"de\",\"potentialAction\":[{\"@type\":\"ReadAction\",\"target\":[\"https:\/\/interiosimple.com\/de\/datenschutz-und-cookie-richtlinie\/\"]}]},{\"@type\":\"BreadcrumbList\",\"@id\":\"https:\/\/interiosimple.com\/de\/datenschutz-und-cookie-richtlinie\/#breadcrumb\",\"itemListElement\":[{\"@type\":\"ListItem\",\"position\":1,\"name\":\"Strona g\u0142\u00f3wna\",\"item\":\"https:\/\/interiosimple.com\/de\/\"},{\"@type\":\"ListItem\",\"position\":2,\"name\":\"Datenschutz- und Cookie-Richtlinie\"}]},{\"@type\":\"WebSite\",\"@id\":\"https:\/\/interiosimple.com\/de\/#website\",\"url\":\"https:\/\/interiosimple.com\/de\/\",\"name\":\"Interio Simple\",\"description\":\"\",\"publisher\":{\"@id\":\"https:\/\/interiosimple.com\/de\/#organization\"},\"potentialAction\":[{\"@type\":\"SearchAction\",\"target\":{\"@type\":\"EntryPoint\",\"urlTemplate\":\"https:\/\/interiosimple.com\/de\/?s={search_term_string}\"},\"query-input\":{\"@type\":\"PropertyValueSpecification\",\"valueRequired\":true,\"valueName\":\"search_term_string\"}}],\"inLanguage\":\"de\"},{\"@type\":\"Organization\",\"@id\":\"https:\/\/interiosimple.com\/de\/#organization\",\"name\":\"Interio Simple\",\"url\":\"https:\/\/interiosimple.com\/de\/\",\"logo\":{\"@type\":\"ImageObject\",\"inLanguage\":\"de\",\"@id\":\"https:\/\/interiosimple.com\/de\/#\/schema\/logo\/image\/\",\"url\":\"https:\/\/interiosimple.com\/wp-content\/uploads\/2017\/07\/Interio-simple_logo_poziom_czarne-2.webp\",\"contentUrl\":\"https:\/\/interiosimple.com\/wp-content\/uploads\/2017\/07\/Interio-simple_logo_poziom_czarne-2.webp\",\"width\":250,\"height\":28,\"caption\":\"Interio Simple\"},\"image\":{\"@id\":\"https:\/\/interiosimple.com\/de\/#\/schema\/logo\/image\/\"}}]}<\/script>\n<!-- \/ Yoast SEO plugin. -->","yoast_head_json":{"title":"Datenschutz- und Cookie-Richtlinie - Interiosimple- kuchnie na zam&oacute;wienie Szczecin","robots":{"index":"index","follow":"follow","max-snippet":"max-snippet:-1","max-image-preview":"max-image-preview:large","max-video-preview":"max-video-preview:-1"},"canonical":"https:\/\/interiosimple.com\/de\/datenschutz-und-cookie-richtlinie\/","og_locale":"de_DE","og_type":"article","og_title":"Datenschutz- und Cookie-Richtlinie - Interiosimple- kuchnie na zam&oacute;wienie Szczecin","og_url":"https:\/\/interiosimple.com\/de\/datenschutz-und-cookie-richtlinie\/","og_site_name":"Interiosimple- kuchnie na zam&oacute;wienie Szczecin","article_modified_time":"2024-10-22T08:52:50+00:00","twitter_card":"summary_large_image","twitter_misc":{"Gesch\u00e4tzte Lesezeit":"6\u00a0Minuten"},"schema":{"@context":"https:\/\/schema.org","@graph":[{"@type":"WebPage","@id":"https:\/\/interiosimple.com\/de\/datenschutz-und-cookie-richtlinie\/","url":"https:\/\/interiosimple.com\/de\/datenschutz-und-cookie-richtlinie\/","name":"Datenschutz- und Cookie-Richtlinie - Interiosimple- kuchnie na zam&oacute;wienie Szczecin","isPartOf":{"@id":"https:\/\/interiosimple.com\/de\/#website"},"datePublished":"2024-06-14T16:43:57+00:00","dateModified":"2024-10-22T08:52:50+00:00","breadcrumb":{"@id":"https:\/\/interiosimple.com\/de\/datenschutz-und-cookie-richtlinie\/#breadcrumb"},"inLanguage":"de","potentialAction":[{"@type":"ReadAction","target":["https:\/\/interiosimple.com\/de\/datenschutz-und-cookie-richtlinie\/"]}]},{"@type":"BreadcrumbList","@id":"https:\/\/interiosimple.com\/de\/datenschutz-und-cookie-richtlinie\/#breadcrumb","itemListElement":[{"@type":"ListItem","position":1,"name":"Strona g\u0142\u00f3wna","item":"https:\/\/interiosimple.com\/de\/"},{"@type":"ListItem","position":2,"name":"Datenschutz- und Cookie-Richtlinie"}]},{"@type":"WebSite","@id":"https:\/\/interiosimple.com\/de\/#website","url":"https:\/\/interiosimple.com\/de\/","name":"Interio Simple","description":"","publisher":{"@id":"https:\/\/interiosimple.com\/de\/#organization"},"potentialAction":[{"@type":"SearchAction","target":{"@type":"EntryPoint","urlTemplate":"https:\/\/interiosimple.com\/de\/?s={search_term_string}"},"query-input":{"@type":"PropertyValueSpecification","valueRequired":true,"valueName":"search_term_string"}}],"inLanguage":"de"},{"@type":"Organization","@id":"https:\/\/interiosimple.com\/de\/#organization","name":"Interio Simple","url":"https:\/\/interiosimple.com\/de\/","logo":{"@type":"ImageObject","inLanguage":"de","@id":"https:\/\/interiosimple.com\/de\/#\/schema\/logo\/image\/","url":"https:\/\/interiosimple.com\/wp-content\/uploads\/2017\/07\/Interio-simple_logo_poziom_czarne-2.webp","contentUrl":"https:\/\/interiosimple.com\/wp-content\/uploads\/2017\/07\/Interio-simple_logo_poziom_czarne-2.webp","width":250,"height":28,"caption":"Interio Simple"},"image":{"@id":"https:\/\/interiosimple.com\/de\/#\/schema\/logo\/image\/"}}]}},"_links":{"self":[{"href":"https:\/\/interiosimple.com\/de\/wp-json\/wp\/v2\/pages\/6253","targetHints":{"allow":["GET"]}}],"collection":[{"href":"https:\/\/interiosimple.com\/de\/wp-json\/wp\/v2\/pages"}],"about":[{"href":"https:\/\/interiosimple.com\/de\/wp-json\/wp\/v2\/types\/page"}],"author":[{"embeddable":true,"href":"https:\/\/interiosimple.com\/de\/wp-json\/wp\/v2\/users\/1"}],"replies":[{"embeddable":true,"href":"https:\/\/interiosimple.com\/de\/wp-json\/wp\/v2\/comments?post=6253"}],"version-history":[{"count":4,"href":"https:\/\/interiosimple.com\/de\/wp-json\/wp\/v2\/pages\/6253\/revisions"}],"predecessor-version":[{"id":6258,"href":"https:\/\/interiosimple.com\/de\/wp-json\/wp\/v2\/pages\/6253\/revisions\/6258"}],"wp:attachment":[{"href":"https:\/\/interiosimple.com\/de\/wp-json\/wp\/v2\/media?parent=6253"}],"curies":[{"name":"wp","href":"https:\/\/api.w.org\/{rel}","templated":true}]}}